{"id":9561,"date":"2022-06-09T13:26:51","date_gmt":"2022-06-09T13:26:51","guid":{"rendered":"https:\/\/suav.eu\/product\/pants-suav-feminin-x-laura-calin-olive-green\/"},"modified":"2024-06-24T00:00:21","modified_gmt":"2024-06-24T00:00:21","slug":"pants-suav-feminin-x-laura-calin-olive-green-2","status":"publish","type":"product","link":"https:\/\/suav.eu\/en\/product\/pants-suav-feminin-x-laura-calin-olive-green-2\/","title":{"rendered":"Pants Suav Feminin x Laura C\u0103lin Olive Green"},"content":{"rendered":"","protected":false},"excerpt":{"rendered":"<p><span data-sheets-value=\"{\"1\":2,\"2\":\"Pantaloni palazzo cu talie \u00eenalt\u0103. Au o band\u0103 elastic\u0103 lat\u0103 \u00een talie care complimenteaz\u0103 silueta. Cad lejer pe \u015folduri, fiindc\u0103 noi credem c\u0103 feminitatea este discret\u0103 \u015fi const\u0103 mai degrab\u0103 \u00een a sugera dec\u00e2t \u00een a expune. Bumbacul moale \u015fi croiala confortabil\u0103 fac pl\u0103cut\u0103 experien\u0163a purt\u0103rii lor. Ca toate produsele SUAV, sunt buni la yoga, \u00een c\u0103l\u0103torii \u015fi pentru orice altceva. nnCuloare: verde olive.nCompozi\u0163ie: 95% bumbac organic moale; 5% elastan; \u0163es\u0103tur\u0103 moale la atingere \u015fi durabil\u0103, care las\u0103 corpul s\u0103 respire \u00een voie.nProdusul poate fi sp\u0103lat la ma\u0219in\u0103.nnFabricat \u00een UE\/ Rom\u00e2nia. Laura are 1,7 m \u00een\u0103l\u021bime \u0219i poart\u0103 m\u0103rimea S.\"}\" data-sheets-userformat=\"{\"2\":14781,\"3\":{\"1\":0,\"3\":1},\"5\":{\"1\":[{\"1\":2,\"2\":0,\"5\":{\"1\":2,\"2\":0}},{\"1\":0,\"2\":0,\"3\":3},{\"1\":1,\"2\":0,\"4\":1}]},\"6\":{\"1\":[{\"1\":2,\"2\":0,\"5\":{\"1\":2,\"2\":0}},{\"1\":0,\"2\":0,\"3\":3},{\"1\":1,\"2\":0,\"4\":1}]},\"7\":{\"1\":[{\"1\":2,\"2\":0,\"5\":{\"1\":2,\"2\":0}},{\"1\":0,\"2\":0,\"3\":3},{\"1\":1,\"2\":0,\"4\":1}]},\"8\":{\"1\":[{\"1\":2,\"2\":0,\"5\":{\"1\":2,\"2\":0}},{\"1\":0,\"2\":0,\"3\":3},{\"1\":1,\"2\":0,\"4\":1}]},\"10\":1,\"11\":4,\"14\":{\"1\":3,\"3\":1},\"15\":\"Calibri\",\"16\":11}\">High-waist palazzo pants. They have a wide elastic waist band in order to compliment the silhouette. They fall rather loosely over the hips, as we believe that femininity is discrete and lies in hints rather than exposure. The soft cotton and comfortable cut make wearing them a pleasant experience. As all SUAV wear, they\u2019re good for yoga, for travelling and everything in-between.<\/span><\/p>\n<p>Color: olive green<br \/>\nMade of: 95% organic cotton; 5% elastane; the fabric is very soft to touch, strong, durable and leaves great breathability for the skin.<br \/>\nMachine washable<\/p>\n<p>Made in EU \/ Romania. Laura is 1.7 m tall and wears the S size.<\/p>\n","protected":false},"featured_media":1126,"template":"","meta":{"_acf_changed":false,"_et_pb_use_builder":"","_et_pb_old_content":"","_et_gb_content_width":"","inline_featured_image":false},"product_cat":[71,80],"product_tag":[],"acf":[],"_links":{"self":[{"href":"https:\/\/suav.eu\/en\/wp-json\/wp\/v2\/product\/9561"}],"collection":[{"href":"https:\/\/suav.eu\/en\/wp-json\/wp\/v2\/product"}],"about":[{"href":"https:\/\/suav.eu\/en\/wp-json\/wp\/v2\/types\/product"}],"wp:featuredmedia":[{"embeddable":true,"href":"https:\/\/suav.eu\/en\/wp-json\/wp\/v2\/media\/1126"}],"wp:attachment":[{"href":"https:\/\/suav.eu\/en\/wp-json\/wp\/v2\/media?parent=9561"}],"wp:term":[{"taxonomy":"product_cat","embeddable":true,"href":"https:\/\/suav.eu\/en\/wp-json\/wp\/v2\/product_cat?post=9561"},{"taxonomy":"product_tag","embeddable":true,"href":"https:\/\/suav.eu\/en\/wp-json\/wp\/v2\/product_tag?post=9561"}],"curies":[{"name":"wp","href":"https:\/\/api.w.org\/{rel}","templated":true}]}}