{"id":9542,"date":"2022-06-09T15:32:48","date_gmt":"2022-06-09T15:32:48","guid":{"rendered":"https:\/\/suav.eu\/product\/mini-dog-pants-dusty-pink\/"},"modified":"2024-06-24T00:00:21","modified_gmt":"2024-06-24T00:00:21","slug":"mini-dog-pants-dusty-pink-2","status":"publish","type":"product","link":"https:\/\/suav.eu\/en\/product\/mini-dog-pants-dusty-pink-2\/","title":{"rendered":"Mini Dog Pants Dusty Pink"},"content":{"rendered":"","protected":false},"excerpt":{"rendered":"<p style=\"margin-bottom: 0in;\">The dog pants, only shorter. For warmer days, let\u2019s say.<br \/>\nThe dhotis (traditional yoga pants) reinterpreted, for the fashionista yogi. With their design with folding sides (which you can tie either in front or in the back with a matching ribbon), these pants are perfect on the high street as they do in the yoga studio. Au elastic \u00een talie \u015fi sunt perfec\u0163i dac\u0103 e\u015fti \u00een c\u0103utarea unor pantaloni de yoga largi.<\/p>\n<p>Color: dusty pink.<br \/>\nMade of: 92% Cotton, 8% Elastane.<br \/>\nMachine washable.<br \/>\nMade in EU \/ Romania.<\/p>\n<p>Alice, our model, is 1.75 m tall.<\/p>\n","protected":false},"featured_media":846,"template":"","meta":{"_acf_changed":false,"_et_pb_use_builder":"","_et_pb_old_content":"","_et_gb_content_width":"","inline_featured_image":false},"product_cat":[85,83],"product_tag":[],"acf":[],"_links":{"self":[{"href":"https:\/\/suav.eu\/en\/wp-json\/wp\/v2\/product\/9542"}],"collection":[{"href":"https:\/\/suav.eu\/en\/wp-json\/wp\/v2\/product"}],"about":[{"href":"https:\/\/suav.eu\/en\/wp-json\/wp\/v2\/types\/product"}],"wp:featuredmedia":[{"embeddable":true,"href":"https:\/\/suav.eu\/en\/wp-json\/wp\/v2\/media\/846"}],"wp:attachment":[{"href":"https:\/\/suav.eu\/en\/wp-json\/wp\/v2\/media?parent=9542"}],"wp:term":[{"taxonomy":"product_cat","embeddable":true,"href":"https:\/\/suav.eu\/en\/wp-json\/wp\/v2\/product_cat?post=9542"},{"taxonomy":"product_tag","embeddable":true,"href":"https:\/\/suav.eu\/en\/wp-json\/wp\/v2\/product_tag?post=9542"}],"curies":[{"name":"wp","href":"https:\/\/api.w.org\/{rel}","templated":true}]}}