{"id":9535,"date":"2022-06-09T15:33:58","date_gmt":"2022-06-09T15:33:58","guid":{"rendered":"https:\/\/suav.eu\/product\/mini-crow-pants-vintage-blue\/"},"modified":"2024-06-24T00:00:21","modified_gmt":"2024-06-24T00:00:21","slug":"mini-crow-pants-vintage-blue-2","status":"publish","type":"product","link":"https:\/\/suav.eu\/en\/product\/mini-crow-pants-vintage-blue-2\/","title":{"rendered":"Mini Crow Pants Vintage Blue"},"content":{"rendered":"","protected":false},"excerpt":{"rendered":"<p style=\"font-weight: 500;\">Mini-Crow Pants are our re-interpretation of the Iyengar shorts through our brand\u2019s design principles lens. They have an almost invisible drop crotch, depending on how you want to wear them: high or mid waist. The finishing band allows you to adjust their length, depending on your practice needs.<\/p>\n<p style=\"font-weight: 500;\">Color: Vintage Blue<br \/>\nMade of: 100% Cotton<br \/>\nMachine washable.<br \/>\nMade in EU \/ Romania.<\/p>\n<p>Modelul nostru are 1,75 m \u00een\u0103l\u0163ime \u015fi poart\u0103 m\u0103rimea M.<\/p>\n","protected":false},"featured_media":830,"template":"","meta":{"_acf_changed":false,"_et_pb_use_builder":"","_et_pb_old_content":"","_et_gb_content_width":"","inline_featured_image":false},"product_cat":[85,83],"product_tag":[],"acf":[],"_links":{"self":[{"href":"https:\/\/suav.eu\/en\/wp-json\/wp\/v2\/product\/9535"}],"collection":[{"href":"https:\/\/suav.eu\/en\/wp-json\/wp\/v2\/product"}],"about":[{"href":"https:\/\/suav.eu\/en\/wp-json\/wp\/v2\/types\/product"}],"wp:featuredmedia":[{"embeddable":true,"href":"https:\/\/suav.eu\/en\/wp-json\/wp\/v2\/media\/830"}],"wp:attachment":[{"href":"https:\/\/suav.eu\/en\/wp-json\/wp\/v2\/media?parent=9535"}],"wp:term":[{"taxonomy":"product_cat","embeddable":true,"href":"https:\/\/suav.eu\/en\/wp-json\/wp\/v2\/product_cat?post=9535"},{"taxonomy":"product_tag","embeddable":true,"href":"https:\/\/suav.eu\/en\/wp-json\/wp\/v2\/product_tag?post=9535"}],"curies":[{"name":"wp","href":"https:\/\/api.w.org\/{rel}","templated":true}]}}