{"id":9436,"date":"2022-06-09T15:39:47","date_gmt":"2022-06-09T15:39:47","guid":{"rendered":"https:\/\/suav.eu\/product\/crow-pants-burgundy\/"},"modified":"2024-06-24T00:00:20","modified_gmt":"2024-06-24T00:00:20","slug":"crow-pants-burgundy-2","status":"publish","type":"product","link":"https:\/\/suav.eu\/en\/product\/crow-pants-burgundy-2\/","title":{"rendered":"Crow Pants Burgundy"},"content":{"rendered":"","protected":false},"excerpt":{"rendered":"<p style=\"font-weight: 500;\">Our most mainstream pants style yet, the Crow Pants follow our design principles: they\u2019re as comfortable as can be, <em>street wear<\/em> inspired and worthy. they have an almost invisible drop crotch, depending on how you want to wear them: high or mid waist. They have a sporty feel due to the ankle hem. Although the 100% cotton fabric might seem a \u201crisqu\u00e9\u201d choice for this design, as it can lose its shape during the yoga poses, its high quality allows it to re-gain its initial shape when washed.<\/p>\n<p style=\"font-weight: 500;\">Color: burgundy.<br \/>\nMade of: 100% Cotton<br \/>\nMachine washable.<br \/>\nMade in EU \/ Romania.<\/p>\n<p>Modelul nostru are 1,75 m \u00een\u0103l\u0163ime \u015fi poart\u0103 m\u0103rimea M.<\/p>\n","protected":false},"featured_media":1054,"template":"","meta":{"_acf_changed":false,"_et_pb_use_builder":"","_et_pb_old_content":"","_et_gb_content_width":"","inline_featured_image":false},"product_cat":[85,83],"product_tag":[],"acf":[],"_links":{"self":[{"href":"https:\/\/suav.eu\/en\/wp-json\/wp\/v2\/product\/9436"}],"collection":[{"href":"https:\/\/suav.eu\/en\/wp-json\/wp\/v2\/product"}],"about":[{"href":"https:\/\/suav.eu\/en\/wp-json\/wp\/v2\/types\/product"}],"wp:featuredmedia":[{"embeddable":true,"href":"https:\/\/suav.eu\/en\/wp-json\/wp\/v2\/media\/1054"}],"wp:attachment":[{"href":"https:\/\/suav.eu\/en\/wp-json\/wp\/v2\/media?parent=9436"}],"wp:term":[{"taxonomy":"product_cat","embeddable":true,"href":"https:\/\/suav.eu\/en\/wp-json\/wp\/v2\/product_cat?post=9436"},{"taxonomy":"product_tag","embeddable":true,"href":"https:\/\/suav.eu\/en\/wp-json\/wp\/v2\/product_tag?post=9436"}],"curies":[{"name":"wp","href":"https:\/\/api.w.org\/{rel}","templated":true}]}}