{"id":9391,"date":"2022-06-09T14:33:05","date_gmt":"2022-06-09T14:33:05","guid":{"rendered":"https:\/\/suav.eu\/product\/camel-top-olive-green\/"},"modified":"2023-06-01T13:59:58","modified_gmt":"2023-06-01T13:59:58","slug":"camel-top-olive-green-2","status":"publish","type":"product","link":"https:\/\/suav.eu\/en\/product\/camel-top-olive-green-2\/","title":{"rendered":"Camel Top Olive Green"},"content":{"rendered":"","protected":false},"excerpt":{"rendered":"<p>O bluz\u0103 de yoga scurt\u0103, cu m\u00e2neci lungi \u015fi guler rotund, la baza g\u00e2tului, decupat\u0103 \u00een triunghi la spate. Are o croial\u0103 dreapt\u0103, lejer\u0103, pentru a nu te \u00eencurca deloc la practica yoga.<\/p>\n<p>Culoare: verde olive.<br \/>\nCompozitie: 95% bumbac organic, 5% elastan; \u0163es\u0103tur\u0103 moale la atingere, groas\u0103 \u015fi durabil\u0103, care las\u0103 corpul s\u0103 respire \u00een voie.<br \/>\nMachine washable<\/p>\n<p>Made in EU \/ Romania.<\/p>\n<p>Alice, modelul nostru, are 1,75 m \u00een\u0103l\u021bime \u0219i poart\u0103 m\u0103rimea M.<\/p>\n","protected":false},"featured_media":938,"template":"","meta":{"_acf_changed":false,"_et_pb_use_builder":"","_et_pb_old_content":"","_et_gb_content_width":"","inline_featured_image":false},"product_cat":[71,79,76,87,83],"product_tag":[],"acf":[],"_links":{"self":[{"href":"https:\/\/suav.eu\/en\/wp-json\/wp\/v2\/product\/9391"}],"collection":[{"href":"https:\/\/suav.eu\/en\/wp-json\/wp\/v2\/product"}],"about":[{"href":"https:\/\/suav.eu\/en\/wp-json\/wp\/v2\/types\/product"}],"wp:featuredmedia":[{"embeddable":true,"href":"https:\/\/suav.eu\/en\/wp-json\/wp\/v2\/media\/938"}],"wp:attachment":[{"href":"https:\/\/suav.eu\/en\/wp-json\/wp\/v2\/media?parent=9391"}],"wp:term":[{"taxonomy":"product_cat","embeddable":true,"href":"https:\/\/suav.eu\/en\/wp-json\/wp\/v2\/product_cat?post=9391"},{"taxonomy":"product_tag","embeddable":true,"href":"https:\/\/suav.eu\/en\/wp-json\/wp\/v2\/product_tag?post=9391"}],"curies":[{"name":"wp","href":"https:\/\/api.w.org\/{rel}","templated":true}]}}