{"id":11178,"date":"2023-03-13T12:21:27","date_gmt":"2023-03-13T12:21:27","guid":{"rendered":"https:\/\/suav.eu\/?post_type=product&#038;p=11178"},"modified":"2024-06-24T00:00:21","modified_gmt":"2024-06-24T00:00:21","slug":"bra-suav-feminin-x-laura-calin-black-copiaza","status":"publish","type":"product","link":"https:\/\/suav.eu\/en\/product\/bra-suav-feminin-x-laura-calin-black-copiaza\/","title":{"rendered":"Bustier\u0103 Suav Feminin x Laura C\u0103lin Olive Green"},"content":{"rendered":"","protected":false},"excerpt":{"rendered":"<p>Bustiera poate fi purtat\u0103 foarte bine ca un crop top, datorit\u0103 lungimii sale. Are decolteu \u00een V pl\u0103cut, bretele sub\u021biri \u00eencruci\u0219ate la spate, iar cupele sunt dublate.<\/p>\n<p>Color: olive green.<br \/>\nCompozi\u0163ie: 95% bumbac organic, 5% elastan; \u0163es\u0103tur\u0103 moale la atingere \u015fi durabil\u0103, care las\u0103 corpul s\u0103 respire \u00een voie.<br \/>\nMachine washable<\/p>\n<p>Made in EU \/ Romania.<\/p>\n","protected":false},"featured_media":11133,"template":"","meta":{"_acf_changed":false,"_et_pb_use_builder":"","_et_pb_old_content":"","_et_gb_content_width":"","inline_featured_image":false},"product_cat":[71,80],"product_tag":[],"acf":[],"_links":{"self":[{"href":"https:\/\/suav.eu\/en\/wp-json\/wp\/v2\/product\/11178"}],"collection":[{"href":"https:\/\/suav.eu\/en\/wp-json\/wp\/v2\/product"}],"about":[{"href":"https:\/\/suav.eu\/en\/wp-json\/wp\/v2\/types\/product"}],"wp:featuredmedia":[{"embeddable":true,"href":"https:\/\/suav.eu\/en\/wp-json\/wp\/v2\/media\/11133"}],"wp:attachment":[{"href":"https:\/\/suav.eu\/en\/wp-json\/wp\/v2\/media?parent=11178"}],"wp:term":[{"taxonomy":"product_cat","embeddable":true,"href":"https:\/\/suav.eu\/en\/wp-json\/wp\/v2\/product_cat?post=11178"},{"taxonomy":"product_tag","embeddable":true,"href":"https:\/\/suav.eu\/en\/wp-json\/wp\/v2\/product_tag?post=11178"}],"curies":[{"name":"wp","href":"https:\/\/api.w.org\/{rel}","templated":true}]}}