{"id":812,"date":"2022-06-09T10:06:34","date_gmt":"2022-06-09T10:06:34","guid":{"rendered":"https:\/\/suav.eu\/suav-yoga-street-wear\/"},"modified":"2023-03-16T08:25:39","modified_gmt":"2023-03-16T08:25:39","slug":"suav-yoga-street-wear","status":"publish","type":"page","link":"https:\/\/suav.eu\/en\/","title":{"rendered":"SUAV | Yoga &amp; Street Wear"},"content":{"rendered":"<p>[et_pb_section fb_built=&#8221;1&#8243; _builder_version=&#8221;4.17.4&#8243; _module_preset=&#8221;default&#8221; custom_padding=&#8221;0px|0px|0px|0px|false|false&#8221; global_colors_info=&#8221;{}&#8221;][et_pb_row _builder_version=&#8221;4.17.4&#8243; _module_preset=&#8221;default&#8221; width=&#8221;100%&#8221; max_width=&#8221;100%&#8221; custom_margin=&#8221;0px|0px|0px|0px|false|false&#8221; custom_padding=&#8221;0px|0px|0px|0px|false|false&#8221; global_colors_info=&#8221;{}&#8221;][et_pb_column type=&#8221;4_4&#8243; _builder_version=&#8221;4.17.4&#8243; _module_preset=&#8221;default&#8221; global_colors_info=&#8221;{}&#8221;][et_pb_slider module_id=&#8221;homepage-slider&#8221; _builder_version=&#8221;4.20.2&#8243; _module_preset=&#8221;default&#8221; hover_enabled=&#8221;0&#8243; custom_css_main_element=&#8221;height:calc(100vh &#8211; 80px) !important;&#8221; custom_css_slide_description=&#8221;height:100% !important;&#8221; global_colors_info=&#8221;{}&#8221; sticky_enabled=&#8221;0&#8243;][et_pb_slide _builder_version=&#8221;4.20.2&#8243; _module_preset=&#8221;default&#8221; background_enable_color=&#8221;off&#8221; background_image=&#8221;https:\/\/suav.eu\/wp-content\/uploads\/2023\/03\/suav-feminin-black-edition-banner-desktop.webp&#8221; background_enable_image=&#8221;on&#8221; background_position=&#8221;top_center&#8221; link_option_url=&#8221;https:\/\/suav.eu\/en\/off-white-winter\/&#8221; hover_enabled=&#8221;0&#8243; background_last_edited=&#8221;on|desktop&#8221; background_image_tablet=&#8221;https:\/\/suav.eu\/wp-content\/uploads\/2023\/03\/suav-little-black-edition-1.webp&#8221; background_enable_image_tablet=&#8221;on&#8221; custom_css_main_element=&#8221;height:100% !important;&#8221; custom_css_slide_container=&#8221;height:100% !important;&#8221; custom_css_slide_description=&#8221;height:100% !important;&#8221; global_colors_info=&#8221;{}&#8221; sticky_transition=&#8221;on&#8221; title_text=&#8221;suav feminin black edition banner desktop&#8221; sticky_enabled=&#8221;0&#8243;][\/et_pb_slide][\/et_pb_slider][\/et_pb_column][\/et_pb_row][et_pb_row column_structure=&#8221;1_3,1_3,1_3&#8243; use_custom_gutter=&#8221;on&#8221; gutter_width=&#8221;4&#8243; _builder_version=&#8221;4.17.4&#8243; _module_preset=&#8221;default&#8221; global_colors_info=&#8221;{}&#8221;][et_pb_column type=&#8221;1_3&#8243; _builder_version=&#8221;4.17.4&#8243; _module_preset=&#8221;default&#8221; global_colors_info=&#8221;{}&#8221;][et_pb_blurb image=&#8221;https:\/\/suav.eu\/wp-content\/uploads\/2022\/06\/suav-eu-livrare-gratuita-in-romania.svg&#8221; _builder_version=&#8221;4.17.4&#8243; _module_preset=&#8221;default&#8221; header_font=&#8221;Fira Code||||||||&#8221; body_font=&#8221;Source Code Pro||||||||&#8221; body_text_align=&#8221;center&#8221; body_letter_spacing=&#8221;-1px&#8221; custom_css_blurb_image=&#8221;margin-bottom:16px; max-width:64px !important;&#8221; global_colors_info=&#8221;{}&#8221;]<\/p>\n<p>Free delivery in Romania for orders over 300 lei<\/p>\n<p>[\/et_pb_blurb][\/et_pb_column][et_pb_column type=&#8221;1_3&#8243; _builder_version=&#8221;4.17.4&#8243; _module_preset=&#8221;default&#8221; global_colors_info=&#8221;{}&#8221;][et_pb_blurb image=&#8221;https:\/\/suav.eu\/wp-content\/uploads\/2022\/06\/suav-eu-retur-simplu.svg&#8221; _builder_version=&#8221;4.17.4&#8243; _module_preset=&#8221;default&#8221; header_font=&#8221;Fira Code||||||||&#8221; body_font=&#8221;Source Code Pro||||||||&#8221; body_text_align=&#8221;center&#8221; body_letter_spacing=&#8221;-1px&#8221; custom_css_blurb_image=&#8221;margin-bottom:16px; max-height:64px !important; max-width:64px !important;&#8221; global_colors_info=&#8221;{}&#8221;]<\/p>\n<p>Easy returns<\/p>\n<p>[\/et_pb_blurb][\/et_pb_column][et_pb_column type=&#8221;1_3&#8243; _builder_version=&#8221;4.17.4&#8243; _module_preset=&#8221;default&#8221; global_colors_info=&#8221;{}&#8221;][et_pb_blurb image=&#8221;https:\/\/suav.eu\/wp-content\/uploads\/2022\/06\/suav-eu-vanzare-securizata-100.svg&#8221; _builder_version=&#8221;4.17.4&#8243; _module_preset=&#8221;default&#8221; header_font=&#8221;Fira Code||||||||&#8221; body_font=&#8221;Source Code Pro||||||||&#8221; body_text_align=&#8221;center&#8221; body_letter_spacing=&#8221;-1px&#8221; custom_css_blurb_image=&#8221;margin-bottom:16px; max-height:64px !important; max-width:64px !important;&#8221; global_colors_info=&#8221;{}&#8221;]<\/p>\n<p>100% Secure Online Payments<\/p>\n<p>[\/et_pb_blurb][\/et_pb_column][\/et_pb_row][et_pb_row _builder_version=&#8221;4.17.4&#8243; _module_preset=&#8221;default&#8221; global_colors_info=&#8221;{}&#8221;][et_pb_column type=&#8221;4_4&#8243; _builder_version=&#8221;4.17.4&#8243; _module_preset=&#8221;default&#8221; global_colors_info=&#8221;{}&#8221;][et_pb_text _builder_version=&#8221;4.17.4&#8243; _module_preset=&#8221;default&#8221; header_font=&#8221;|700|||||||&#8221; header_text_align=&#8221;center&#8221; global_colors_info=&#8221;{}&#8221;]<\/p>\n<h1>suav feminin x laura c\u0103lin | capsule collection<\/h1>\n<p>[\/et_pb_text][et_pb_text _builder_version=&#8221;4.17.4&#8243; _module_preset=&#8221;default&#8221; header_font=&#8221;|700|||||||&#8221; header_text_align=&#8221;center&#8221; global_colors_info=&#8221;{}&#8221;]<\/p>\n<p style=\"text-align: justify;\">Many things connect us to Laura C\u0103lin, digital creator, yoga teacher, co-founder of Yoga City community, and of V for Vintage, among many others. Two of them \u2013 the love of yoga and the love of clothes \u2013 merged in our joint project, spontaneously created during a discussion on her book, \u201cThe Art of Seduction. The power of femininity\u201d. We have created together with her a capsule collection that finds the common ground between our styles and that we are happy to share with you. The power of femininity\u201d. We have created together with her a capsule collection that finds the common ground between our styles and that we are happy to share with you.<\/p>\n<p>[\/et_pb_text][\/et_pb_column][\/et_pb_row][et_pb_row _builder_version=&#8221;4.17.4&#8243; _module_preset=&#8221;default&#8221; global_colors_info=&#8221;{}&#8221;][et_pb_column type=&#8221;4_4&#8243; _builder_version=&#8221;4.17.4&#8243; _module_preset=&#8221;default&#8221; global_colors_info=&#8221;{}&#8221;][et_pb_text _builder_version=&#8221;4.19.2&#8243; _module_preset=&#8221;default&#8221; header_font=&#8221;|700|||||||&#8221; header_text_align=&#8221;center&#8221; global_colors_info=&#8221;{}&#8221;]<\/p>\n<h1>see the new little black edition<\/h1>\n<p>[\/et_pb_text][et_pb_shop type=&#8221;product_category&#8221; posts_number=&#8221;4&#8243; include_categories=&#8221;112&#8243; columns_number=&#8221;4&#8243; _builder_version=&#8221;4.19.2&#8243; _module_preset=&#8221;default&#8221; title_font=&#8221;|600|||||||&#8221; title_font_size=&#8221;14px&#8221; title_line_height=&#8221;1.2em&#8221; global_colors_info=&#8221;{}&#8221;][\/et_pb_shop][et_pb_button button_url=&#8221;https:\/\/suav.eu\/en\/colectie-capsula\/&#8221; button_text=&#8221;SEE THE ENTIRE COLLECTION&#8221; button_alignment=&#8221;center&#8221; _builder_version=&#8221;4.17.6&#8243; _module_preset=&#8221;default&#8221; custom_button=&#8221;on&#8221; button_text_color=&#8221;#faa31a&#8221; button_bg_color=&#8221;#FFFFFF&#8221; button_use_icon=&#8221;off&#8221; global_colors_info=&#8221;{}&#8221; button_bg_color__hover_enabled=&#8221;on|desktop&#8221; button_bg_color__hover=&#8221;#faa31a&#8221; button_bg_enable_color__hover=&#8221;on&#8221; button_text_color__hover_enabled=&#8221;on|desktop&#8221; button_text_color__hover=&#8221;#FFFFFF&#8221;][\/et_pb_button][\/et_pb_column][\/et_pb_row][et_pb_row _builder_version=&#8221;4.17.4&#8243; _module_preset=&#8221;default&#8221; global_colors_info=&#8221;{}&#8221;][et_pb_column type=&#8221;4_4&#8243; _builder_version=&#8221;4.17.4&#8243; _module_preset=&#8221;default&#8221; global_colors_info=&#8221;{}&#8221;][et_pb_text _builder_version=&#8221;4.17.6&#8243; _module_preset=&#8221;default&#8221; header_font=&#8221;|700|||||||&#8221; header_text_align=&#8221;center&#8221; header_2_font=&#8221;|700||on|||||&#8221; header_2_text_align=&#8221;center&#8221; global_colors_info=&#8221;{}&#8221;]<\/p>\n<h2>Yoga-street-lounge wear<\/h2>\n<p>[\/et_pb_text][et_pb_text _builder_version=&#8221;4.17.4&#8243; _module_preset=&#8221;default&#8221; header_font=&#8221;|700|||||||&#8221; header_text_align=&#8221;center&#8221; global_colors_info=&#8221;{}&#8221;]<\/p>\n<p style=\"text-align: justify;\">Although they were created for yoga, our clothes are worn with great pleasure on the street or in the park, at home, or even at the office. They\u2019s been in travels, on the sea and at parties\u2026 They\u2019re sustainably produced in a Bucharest workshop, mafe from high quality natural fabrics, such as cotton and linen. The minimalist design, inspired from street wear, focuses on comfort; we want anyone wears them to feel at ease anywhere.<\/p>\n<p>[\/et_pb_text][\/et_pb_column][\/et_pb_row][et_pb_row _builder_version=&#8221;4.17.4&#8243; _module_preset=&#8221;default&#8221; global_colors_info=&#8221;{}&#8221;][et_pb_column type=&#8221;4_4&#8243; _builder_version=&#8221;4.17.4&#8243; _module_preset=&#8221;default&#8221; global_colors_info=&#8221;{}&#8221;][et_pb_text _builder_version=&#8221;4.17.4&#8243; _module_preset=&#8221;default&#8221; header_font=&#8221;|700|||||||&#8221; header_text_align=&#8221;center&#8221; header_2_font=&#8221;|700||on|||||&#8221; header_2_text_align=&#8221;center&#8221; global_colors_info=&#8221;{}&#8221;]<\/p>\n<h2>SUAV is not only about yoga<\/h2>\n<p>[\/et_pb_text][et_pb_text _builder_version=&#8221;4.17.4&#8243; _module_preset=&#8221;default&#8221; header_font=&#8221;|700|||||||&#8221; header_text_align=&#8221;center&#8221; text_orientation=&#8221;justified&#8221; global_colors_info=&#8221;{}&#8221;]<\/p>\n<p>SUAV garments reflect our vision on yoga. We think yoga is for everyone. You don\u2019t have to be super flexible. You don\u2019t need to enter the spiritual realm if that scares you. Yoga subtly works on many levels, without you realizing it \u2013 even if you limit yourself to physical practice, in time you will see that you are calmer, more balanced, in addition to the impact on the body. You don\u2019t have to be vegan or give up anything you enjoy. Yoga can be integrated into modern life just like any other healthy habit and can help increase the quality of life.<\/p>\n<p><strong>Tot a\u015fa, SUAV nu este doar despre yoga, ci este despre ziua de azi \u015fi ziua de m\u00e2ine, despre cum s\u0103 te sim\u0163i bine cu tine \u00een orice moment al zilei.<\/strong><\/p>\n<p>[\/et_pb_text][\/et_pb_column][\/et_pb_row][et_pb_row _builder_version=&#8221;4.17.5&#8243; _module_preset=&#8221;default&#8221; background_image=&#8221;https:\/\/suav.eu\/wp-content\/uploads\/2022\/06\/home-hero.webp&#8221; width=&#8221;100%&#8221; height=&#8221;540px&#8221; background_last_edited=&#8221;on|tablet&#8221; background_image_tablet=&#8221;https:\/\/suav.eu\/wp-content\/uploads\/2022\/07\/mobile-home-banner-mid.webp&#8221; background_enable_image_tablet=&#8221;on&#8221; global_colors_info=&#8221;{}&#8221;][et_pb_column type=&#8221;4_4&#8243; _builder_version=&#8221;4.17.4&#8243; _module_preset=&#8221;default&#8221; global_colors_info=&#8221;{}&#8221;][\/et_pb_column][\/et_pb_row][et_pb_row _builder_version=&#8221;4.17.4&#8243; _module_preset=&#8221;default&#8221; global_colors_info=&#8221;{}&#8221;][et_pb_column type=&#8221;4_4&#8243; _builder_version=&#8221;4.17.4&#8243; _module_preset=&#8221;default&#8221; global_colors_info=&#8221;{}&#8221;][et_pb_text _builder_version=&#8221;4.17.4&#8243; _module_preset=&#8221;default&#8221; header_font=&#8221;|700|||||||&#8221; header_text_align=&#8221;center&#8221; header_2_font=&#8221;|700||on|||||&#8221; header_2_text_align=&#8221;center&#8221; global_colors_info=&#8221;{}&#8221;]<\/p>\n<h2>Here\u2019s what our clients say:<\/h2>\n<p>[\/et_pb_text][et_pb_slider use_bg_overlay=&#8221;off&#8221; use_text_overlay=&#8221;off&#8221; arrows_custom_color=&#8221;#f5a50f&#8221; dot_nav_custom_color=&#8221;#f5a50f&#8221; module_id=&#8221;reviews-slider-home&#8221; _builder_version=&#8221;4.17.4&#8243; _module_preset=&#8221;default&#8221; header_level=&#8221;h4&#8243; header_text_color=&#8221;#000000&#8243; background_color=&#8221;rgba(0,0,0,0)&#8221; custom_margin=&#8221;0px||0px||false|false&#8221; custom_padding=&#8221;0px||0px||false|false&#8221; hover_transition_speed_curve=&#8221;ease-in-out&#8221; custom_css_slide_controllers=&#8221;display:none !important;&#8221; global_colors_info=&#8221;{}&#8221;][et_pb_slide admin_title=&#8221;Review Andreea Dumitru&#8221; _builder_version=&#8221;4.17.4&#8243; _module_preset=&#8221;default&#8221; header_level=&#8221;h4&#8243; header_font=&#8221;||||||||&#8221; header_text_color=&#8221;#000000&#8243; body_font=&#8221;Futura Medium Diacritics||||||||&#8221; body_text_color=&#8221;#333333&#8243; background_enable_color=&#8221;off&#8221; width=&#8221;100%&#8221; global_colors_info=&#8221;{}&#8221; sticky_transition=&#8221;on&#8221;]<\/p>\n<p>When I discovered Suav and their clothes on the website, I was really impressed. I\u2019ve been looking for a while for comfortable cotton clothing, not harmful for the environment. Well, Suav covers all these aspects and offers a big bonus: they\u2019re also very beautiful and can be worn not only at yoga practice, but also for going out and even at social events. Thank you for being here and for making us feel better in your clothes \ud83d\ude4f\ud83c\udffb<\/p>\n<p>&nbsp;<\/p>\n<h4 style=\"text-align: center;\">Andreea Dumitru<\/h4>\n<p>[\/et_pb_slide][et_pb_slide admin_title=&#8221;Review Mariana Dr\u0103gan&#8221; _builder_version=&#8221;4.16&#8243; _module_preset=&#8221;default&#8221; header_level=&#8221;h4&#8243; header_font=&#8221;League Spartan Bold||||||||&#8221; header_text_color=&#8221;#000000&#8243; body_font=&#8221;Futura Medium Diacritics||||||||&#8221; body_text_color=&#8221;#333333&#8243; background_enable_color=&#8221;off&#8221; width=&#8221;100%&#8221; global_colors_info=&#8221;{}&#8221; sticky_transition=&#8221;on&#8221;]<\/p>\n<p>I like Suav clothes for their versatility and because they have those qualities I appreciate: anything goes with anything, a top can be loose comfy or cool, if you accessorize it, or sexy, if you want it that way. City clothes, yoga mat clothes, living room clothes. I appreciate the simplicity, that they\u2019re not following a certain trend, the natural fabrics, the colors that are easy to mix.<\/p>\n<p>&nbsp;<\/p>\n<h4 style=\"text-align: center;\">Mariana Dr\u0103gan<\/h4>\n<p>[\/et_pb_slide][et_pb_slide admin_title=&#8221;Andreea Tindeche&#8221; _builder_version=&#8221;4.16&#8243; _module_preset=&#8221;default&#8221; header_level=&#8221;h4&#8243; header_font=&#8221;League Spartan Bold||||||||&#8221; header_text_color=&#8221;#000000&#8243; body_font=&#8221;Futura Medium Diacritics||||||||&#8221; body_text_color=&#8221;#333333&#8243; background_enable_color=&#8221;off&#8221; width=&#8221;100%&#8221; global_colors_info=&#8221;{}&#8221; sticky_transition=&#8221;on&#8221;]<\/p>\n<p>It was match at first sight. All the clothes I like, in one place. Jumper, pants, top, they were with me all the summer and the relationship continue even now, during the autumn. The maintenance services were prompt when I needed them. I follow the website in order to notice the new products.<\/p>\n<p>&nbsp;<\/p>\n<h4 style=\"text-align: center;\">Andreea Tindeche<\/h4>\n<p>[\/et_pb_slide][et_pb_slide admin_title=&#8221;Review Elena Bululete&#8221; _builder_version=&#8221;4.16&#8243; _module_preset=&#8221;default&#8221; header_level=&#8221;h4&#8243; header_font=&#8221;League Spartan Bold||||||||&#8221; header_text_color=&#8221;#000000&#8243; body_font=&#8221;Futura Medium Diacritics||||||||&#8221; body_text_color=&#8221;#333333&#8243; background_enable_color=&#8221;off&#8221; width=&#8221;100%&#8221; global_colors_info=&#8221;{}&#8221; sticky_transition=&#8221;on&#8221;]<\/p>\n<p>The coolest clothes! This should be the standard in softness for any cotton clothing, not only for the yoga wear. As a matter of fact, I love them so much, that I wore them at the seaside, in the mountains, at the office, everywhere. The downside is that they create addiction; the upside is that you have a variety to choose from. And let\u2019s not forget it\u2019s a Romanian brand! #madeinRomania<\/p>\n<p>&nbsp;<\/p>\n<h4 style=\"text-align: center;\">Elena Bululete<\/h4>\n<p>[\/et_pb_slide][et_pb_slide admin_title=&#8221;Review Cristina Husarencu&#8221; _builder_version=&#8221;4.16&#8243; _module_preset=&#8221;default&#8221; header_level=&#8221;h4&#8243; header_font=&#8221;League Spartan Bold||||||||&#8221; header_text_color=&#8221;#000000&#8243; body_font=&#8221;Futura Medium Diacritics||||||||&#8221; body_text_color=&#8221;#333333&#8243; background_enable_color=&#8221;off&#8221; width=&#8221;100%&#8221; global_colors_info=&#8221;{}&#8221; sticky_transition=&#8221;on&#8221;]<\/p>\n<p>\u00ceI really love the pants! I\u2019ve been looking for something comfortable for yoga, because I can\u2019t stand any longer the classic tight and elastic pants, and these are extra comfy! The fact they\u2019re made of cotton and they\u2019re very loose make me feel at ease when I practice! I am happy with my choice and I\u2019m also glad they\u2019re made in Romania and that I can support such a brand \ud83d\ude0a.<\/p>\n<p>&nbsp;<\/p>\n<h4 style=\"text-align: center;\">Cristina Husarencu<\/h4>\n<p>[\/et_pb_slide][et_pb_slide admin_title=&#8221;Teodora Turcu&#8221; _builder_version=&#8221;4.16&#8243; _module_preset=&#8221;default&#8221; header_level=&#8221;h4&#8243; header_font=&#8221;League Spartan Bold||||||||&#8221; header_text_color=&#8221;#000000&#8243; body_font=&#8221;Futura Medium Diacritics||||||||&#8221; body_text_color=&#8221;#333333&#8243; background_enable_color=&#8221;off&#8221; width=&#8221;100%&#8221; global_colors_info=&#8221;{}&#8221; sticky_transition=&#8221;on&#8221;]<\/p>\n<p>I received the package in Wednesday; since then, I wore only the SUAV pants and top \ud83d\ude0d. They\u2019re very beautiful, they fit well and fell incredibly well on the skin!<\/p>\n<p>&nbsp;<\/p>\n<h4 style=\"text-align: center;\">Teodora Turcu<\/h4>\n<p>[\/et_pb_slide][\/et_pb_slider][\/et_pb_column][\/et_pb_row][et_pb_row _builder_version=&#8221;4.17.4&#8243; _module_preset=&#8221;default&#8221; global_colors_info=&#8221;{}&#8221;][et_pb_column type=&#8221;4_4&#8243; _builder_version=&#8221;4.17.4&#8243; _module_preset=&#8221;default&#8221; global_colors_info=&#8221;{}&#8221;][et_pb_text _builder_version=&#8221;4.17.4&#8243; _module_preset=&#8221;default&#8221; header_font=&#8221;|700|||||||&#8221; header_text_align=&#8221;center&#8221; header_2_font=&#8221;|700||on|||||&#8221; header_2_text_align=&#8221;center&#8221; global_colors_info=&#8221;{}&#8221;]<\/p>\n<h2>STORIES<\/h2>\n<p>[\/et_pb_text][et_pb_text _builder_version=&#8221;4.17.4&#8243; _module_preset=&#8221;default&#8221; header_font=&#8221;|700|||||||&#8221; header_text_align=&#8221;center&#8221; text_orientation=&#8221;justified&#8221; global_colors_info=&#8221;{}&#8221;]<\/p>\n<p>Stories unite us, make us realize we\u2019re not alone. We gather stories about the journeys with yoga from members of our community for inspiration and for remembering. If you want to share your story, we\u2019re honored to listen and tell it forward. <a href=\"https:\/\/suav.eu\/en\/contact-us\/\"><span style=\"color: #ffcc00;\">Write to us!<\/span><\/a><\/p>\n<p>[\/et_pb_text][et_pb_post_slider include_categories=&#8221;54&#8243; show_meta=&#8221;off&#8221; _builder_version=&#8221;4.17.4&#8243; _module_preset=&#8221;default&#8221; header_font=&#8221;Spartan|700|||||||&#8221; body_font=&#8221;Futura Medium Diacritics||||||||&#8221; background_color=&#8221;#f5a50f&#8221; custom_button=&#8221;on&#8221; button_text_color=&#8221;#ffffff&#8221; button_bg_color=&#8221;rgba(0,0,0,0)&#8221; button_font=&#8221;Futura Medium Diacritics||||||||&#8221; button_use_icon=&#8221;off&#8221; global_colors_info=&#8221;{}&#8221; button_bg_color__hover_enabled=&#8221;on|hover&#8221; button_bg_color__hover=&#8221;#e09900&#8243; button_bg_enable_color__hover=&#8221;on&#8221;][\/et_pb_post_slider][\/et_pb_column][\/et_pb_row][\/et_pb_section]<\/p>\n","protected":false},"excerpt":{"rendered":"<p>Free delivery in Romania for orders over 300 leiEasy returns100% Secure Online Paymentssuav feminin x laura c\u0103lin | capsule collectionMany things connect us to Laura C\u0103lin, digital creator, yoga teacher, co-founder of Yoga City community, and of V for Vintage, among many others. Two of them \u2013 the love of yoga and the love of<a class=\"moretag\" href=\"https:\/\/suav.eu\/en\/\">Cite\u015fte Mai Mult<\/a><\/p>\n","protected":false},"author":1,"featured_media":0,"parent":0,"menu_order":27,"comment_status":"closed","ping_status":"closed","template":"","meta":{"_acf_changed":false,"_et_pb_use_builder":"on","_et_pb_old_content":"","_et_gb_content_width":"","inline_featured_image":false,"footnotes":""},"acf":[],"_links":{"self":[{"href":"https:\/\/suav.eu\/en\/wp-json\/wp\/v2\/pages\/812"}],"collection":[{"href":"https:\/\/suav.eu\/en\/wp-json\/wp\/v2\/pages"}],"about":[{"href":"https:\/\/suav.eu\/en\/wp-json\/wp\/v2\/types\/page"}],"author":[{"embeddable":true,"href":"https:\/\/suav.eu\/en\/wp-json\/wp\/v2\/users\/1"}],"replies":[{"embeddable":true,"href":"https:\/\/suav.eu\/en\/wp-json\/wp\/v2\/comments?post=812"}],"version-history":[{"count":15,"href":"https:\/\/suav.eu\/en\/wp-json\/wp\/v2\/pages\/812\/revisions"}],"predecessor-version":[{"id":11262,"href":"https:\/\/suav.eu\/en\/wp-json\/wp\/v2\/pages\/812\/revisions\/11262"}],"wp:attachment":[{"href":"https:\/\/suav.eu\/en\/wp-json\/wp\/v2\/media?parent=812"}],"curies":[{"name":"wp","href":"https:\/\/api.w.org\/{rel}","templated":true}]}}